{"id":119,"date":"2016-03-28T13:21:12","date_gmt":"2016-03-28T13:21:12","guid":{"rendered":"http:\/\/summercamp.ancorathemes.com\/?page_id=119"},"modified":"2022-04-04T18:50:35","modified_gmt":"2022-04-04T18:50:35","slug":"a-propos","status":"publish","type":"page","link":"https:\/\/www.vr-evolution.ca\/fr\/a-propos\/","title":{"rendered":"\u00c0 propos"},"content":{"rendered":"<div class=\"wpb-content-wrapper\"><p>[vc_row full_width=\u00a0\u00bbstretch_row\u00a0\u00bb inverse=\u00a0\u00bb\u00a0\u00bb css=\u00a0\u00bb.vc_custom_1554319699592{margin-top: 5px !important;background-color: #f2eddd !important;}\u00a0\u00bb][vc_column]<h1 class=\"sc_title sc_title_regular margin_top_large\" style=\"color:#000000;\">Les sp\u00e9cialistes des v\u00e9hicules r\u00e9cr\u00e9atifs et des caravanes<\/h1><div class=\"sc_section margin_top_tiny margin_bottom_medium scheme_original aligncenter\" style=\"Title: #61606, Subtitle: #CCA438\"><div class=\"sc_section_inner\"><h6 class=\"sc_section_subtitle sc_item_subtitle\">- Une \u00e9quipe d\u2019exp\u00e9rience -<\/h6><div class=\"sc_section_descr sc_item_descr\">Chez VR \u00c9volution, nous sommes de v\u00e9ritables passionn\u00e9s du monde des VR. Nos connaissances et notre savoir-faire dans le domaine nous permettent de bien vous conseiller avant, pendant et apr\u00e8s l\u2019acquisition de votre v\u00e9hicule r\u00e9cr\u00e9atif. Que ce soit pour acheter un VR neuf ou usag\u00e9, faire r\u00e9parer votre VR ou commander une pi\u00e8ce, notre \u00e9quipe est l\u00e0 pour vous guider dans un environnement aussi agr\u00e9able que professionnel.<\/p>\n<p>Avec plus de 30 ans d\u2019exp\u00e9rience combin\u00e9e, les v\u00e9hicules r\u00e9cr\u00e9atifs n\u2019ont plus de secrets pour nous. En optant pour les sp\u00e9cialistes du v\u00e9hicule r\u00e9cr\u00e9atif de VR \u00c9volution, vous vous assurez d\u2019une \u00e9quipe toujours \u00e0 l\u2019\u00e9coute de vos besoins et d\u00e9di\u00e9e \u00e0 votre enti\u00e8re satisfaction. N\u2019h\u00e9sitez pas \u00e0 nous contacter pour toute question ou pour obtenir plus d\u2019informations sur nos produits et services. Nul doute que nous saurons faire de votre r\u00eave une r\u00e9alit\u00e9!<\/div><div class=\"sc_section_content_wrap\"><\/div><\/div><\/div>[\/vc_column][vc_column][\/vc_column][\/vc_row][vc_row full_width=\u00a0\u00bbstretch_row\u00a0\u00bb][vc_column]<h1 class=\"sc_title sc_title_regular margin_top_small- margin_bottom_large-\" style=\"color:#000000;\"><\/p>\n<p style=\"text-align: center\">Les propri\u00e9taires<\/p>\n<p><\/h1><div class=\"sc_section margin_top_tiny margin_bottom_small aligncenter\"><div class=\"sc_section_inner\"><h6 class=\"sc_section_subtitle sc_item_subtitle\">- Lorsque l\u2019union fait la force -<\/h6><div class=\"sc_section_content_wrap\"><\/div><\/div><\/div>[\/vc_column][\/vc_row][vc_row][vc_column width=\u00a0\u00bb1\/12&Prime;][\/vc_column][vc_column width=\u00a0\u00bb1\/3&Prime;][vc_single_image image=\u00a0\u00bb1113&Prime; img_size=\u00a0\u00bbmedium\u00a0\u00bb alignment=\u00a0\u00bbcenter\u00a0\u00bb style=\u00a0\u00bbvc_box_circle_2&Prime;]<div id=\"titleapropos\" class=\"sc_section scheme_original aligncenter\" style=\"titleapropos {color: #272526}\"><div class=\"sc_section_inner\"><h6 class=\"sc_section_subtitle sc_item_subtitle\">- L\u2019expert des ventes et du financement -<\/h6><h2 class=\"sc_section_title sc_item_title sc_item_title_with_descr\">Alexandre Swett<\/h2><div class=\"sc_section_descr sc_item_descr\">Actif dans le domaine des v\u00e9hicules r\u00e9cr\u00e9atifs depuis plus de 15 ans, principalement comme directeur des ventes, Alexandre est en mesure de bien cerner les besoins de ses clients et de leur prodiguer des conseils personnalis\u00e9s propres \u00e0 l\u2019achat d\u2019un VR. Sp\u00e9cialiste de la caravane port\u00e9e (bo\u00eete campeur), il est celui qui vous offrira une exp\u00e9rience d\u2019achat unique de m\u00eame qu\u2019un service apr\u00e8s-vente \u00e0 la hauteur de vos attentes.<\/div><div class=\"sc_section_content_wrap\"><\/div><\/div><\/div>[\/vc_column][vc_column width=\u00a0\u00bb1\/6&Prime;][\/vc_column][vc_column width=\u00a0\u00bb1\/3&Prime;][vc_single_image image=\u00a0\u00bb1114&Prime; img_size=\u00a0\u00bbmedium\u00a0\u00bb alignment=\u00a0\u00bbcenter\u00a0\u00bb style=\u00a0\u00bbvc_box_circle_2&Prime;]<div class=\"sc_section aligncenter\"><div class=\"sc_section_inner\"><h6 class=\"sc_section_subtitle sc_item_subtitle\">- L\u2019expert du service et de la r\u00e9paration -<\/h6><h2 class=\"sc_section_title sc_item_title sc_item_title_with_descr\">Samuel Lavall\u00e9e<\/h2><div class=\"sc_section_descr sc_item_descr\">Avec plus de 15 ans d\u2019exp\u00e9rience comme technicien en r\u00e9paration et en entretien de v\u00e9hicules r\u00e9cr\u00e9atifs, dont 4 ann\u00e9es en tant que directeur du service et des pi\u00e8ces, Samuel sait trouver la source des probl\u00e8mes techniques reli\u00e9s au VR et est en mesure de bien les corriger. Avec lui, vous serez bien conseill\u00e9 et vous roulerez en toute confiance. Technicien certifi\u00e9 Lance, il s\u2019assure de faire de chaque VR un alli\u00e9 fiable et s\u00e9curitaire pour prendre la route des vacances.<\/div><div class=\"sc_section_content_wrap\"><\/div><\/div><\/div>[\/vc_column][vc_column width=\u00a0\u00bb1\/12&Prime;][\/vc_column][\/vc_row][vc_row full_width=\u00a0\u00bbstretch_row\u00a0\u00bb scheme=\u00a0\u00bboriginal\u00a0\u00bb inverse=\u00a0\u00bb\u00a0\u00bb css=\u00a0\u00bb.vc_custom_1555008317811{margin-top: 25px !important;padding-top: 10px !important;padding-bottom: 25px !important;background-color: #f2eddd !important;}\u00a0\u00bb][vc_column width=\u00a0\u00bb1\/12&Prime;][\/vc_column][vc_column width=\u00a0\u00bb2\/3&Prime; scheme=\u00a0\u00bboriginal\u00a0\u00bb][vc_column_text scheme=\u00a0\u00bboriginal\u00a0\u00bb]<\/p>\n<h2>Le monde des VR vous passionne aussi?<\/h2>\n<p>Cliquez ici pour obtenir plein de trucs et conseils pour une saison des plus r\u00e9ussies![\/vc_column_text][\/vc_column][vc_column width=\u00a0\u00bb1\/6&Prime; scheme=\u00a0\u00bboriginal\u00a0\u00bb][vc_btn title=\u00a0\u00bbConsultez notre guide\u00a0\u00bb shape=\u00a0\u00bbround\u00a0\u00bb color=\u00a0\u00bbblack\u00a0\u00bb align=\u00a0\u00bbcenter\u00a0\u00bb css=\u00a0\u00bb.vc_custom_1555438654818{margin-top: 40px !important;}\u00a0\u00bb link=\u00a0\u00bburl:https%3A%2F%2Fwww.vr-evolution.ca%2Fcategory%2Fguide%2F|||\u00a0\u00bb][\/vc_column][vc_column width=\u00a0\u00bb1\/12&Prime;][\/vc_column][\/vc_row]<\/p>\n<\/div>","protected":false},"excerpt":{"rendered":"<p>[vc_row full_width=\u00a0\u00bbstretch_row\u00a0\u00bb inverse=\u00a0\u00bb\u00a0\u00bb css=\u00a0\u00bb.vc_custom_1554319699592{margin-top: 5px !important;background-color: #f2eddd !important;}\u00a0\u00bb][vc_column][\/vc_column][vc_column][\/vc_column][\/vc_row][vc_row full_width=\u00a0\u00bbstretch_row\u00a0\u00bb][vc_column][\/vc_column][\/vc_row][vc_row][vc_column width=\u00a0\u00bb1\/12&Prime;][\/vc_column][vc_column width=\u00a0\u00bb1\/3&Prime;][vc_single_image image=\u00a0\u00bb1113&Prime; img_size=\u00a0\u00bbmedium\u00a0\u00bb alignment=\u00a0\u00bbcenter\u00a0\u00bb style=\u00a0\u00bbvc_box_circle_2&Prime;][\/vc_column][vc_column width=\u00a0\u00bb1\/6&Prime;][\/vc_column][vc_column width=\u00a0\u00bb1\/3&Prime;][vc_single_image image=\u00a0\u00bb1114&Prime; img_size=\u00a0\u00bbmedium\u00a0\u00bb alignment=\u00a0\u00bbcenter\u00a0\u00bb style=\u00a0\u00bbvc_box_circle_2&Prime;][\/vc_column][vc_column width=\u00a0\u00bb1\/12&Prime;][\/vc_column][\/vc_row][vc_row full_width=\u00a0\u00bbstretch_row\u00a0\u00bb scheme=\u00a0\u00bboriginal\u00a0\u00bb inverse=\u00a0\u00bb\u00a0\u00bb css=\u00a0\u00bb.vc_custom_1555008317811{margin-top: 25px !important;padding-top: 10px !important;padding-bottom: 25px !important;background-color: #f2eddd !important;}\u00a0\u00bb][vc_column width=\u00a0\u00bb1\/12&Prime;][\/vc_column][vc_column width=\u00a0\u00bb2\/3&Prime; scheme=\u00a0\u00bboriginal\u00a0\u00bb][vc_column_text scheme=\u00a0\u00bboriginal\u00a0\u00bb] Le monde des VR vous passionne aussi? Cliquez ici pour obtenir plein de trucs et conseils pour [&hellip;]<\/p>\n","protected":false},"author":1,"featured_media":0,"parent":0,"menu_order":0,"comment_status":"closed","ping_status":"closed","template":"","meta":{"footnotes":""},"class_list":["post-119","page","type-page","status-publish","hentry"],"yoast_head":"<!-- This site is optimized with the Yoast SEO plugin v27.4 - https:\/\/yoast.com\/product\/yoast-seo-wordpress\/ -->\n<title>Les sp\u00e9cialistes des VR et des roulottes | VR \u00c9volution<\/title>\n<meta name=\"description\" content=\"Que ce soit pour l&#039;achat, l&#039;entretien ou la r\u00e9paration d&#039;un VR, faites confiance \u00e0 notre \u00e9quipe de sp\u00e9cialistes d\u00e9di\u00e9s \u00e0 votre satisfaction.\" \/>\n<meta name=\"robots\" content=\"index, follow, max-snippet:-1, max-image-preview:large, max-video-preview:-1\" \/>\n<link rel=\"canonical\" href=\"https:\/\/www.vr-evolution.ca\/fr\/a-propos\/\" \/>\n<meta property=\"og:locale\" content=\"fr_FR\" \/>\n<meta property=\"og:type\" content=\"article\" \/>\n<meta property=\"og:title\" content=\"Les sp\u00e9cialistes des VR et des roulottes | VR \u00c9volution\" \/>\n<meta property=\"og:description\" content=\"Que ce soit pour l&#039;achat, l&#039;entretien ou la r\u00e9paration d&#039;un VR, faites confiance \u00e0 notre \u00e9quipe de sp\u00e9cialistes d\u00e9di\u00e9s \u00e0 votre satisfaction.\" \/>\n<meta property=\"og:url\" content=\"https:\/\/www.vr-evolution.ca\/fr\/a-propos\/\" \/>\n<meta property=\"og:site_name\" content=\"VR &Eacute;volution\" \/>\n<meta property=\"article:publisher\" content=\"https:\/\/www.facebook.com\/VREVOLUTION.ca\" \/>\n<meta property=\"article:modified_time\" content=\"2022-04-04T18:50:35+00:00\" \/>\n<meta property=\"og:image\" content=\"https:\/\/www.vr-evolution.ca\/wp-content\/uploads\/2024\/03\/cropped-VR-Evolution-Favicon.jpg\" \/>\n\t<meta property=\"og:image:width\" content=\"512\" \/>\n\t<meta property=\"og:image:height\" content=\"512\" \/>\n\t<meta property=\"og:image:type\" content=\"image\/jpeg\" \/>\n<meta name=\"twitter:card\" content=\"summary_large_image\" \/>\n<meta name=\"twitter:label1\" content=\"Dur\u00e9e de lecture estim\u00e9e\" \/>\n\t<meta name=\"twitter:data1\" content=\"3 minutes\" \/>\n<script type=\"application\/ld+json\" class=\"yoast-schema-graph\">{\"@context\":\"https:\\\/\\\/schema.org\",\"@graph\":[{\"@type\":\"WebPage\",\"@id\":\"https:\\\/\\\/www.vr-evolution.ca\\\/fr\\\/a-propos\\\/\",\"url\":\"https:\\\/\\\/www.vr-evolution.ca\\\/fr\\\/a-propos\\\/\",\"name\":\"Les sp\u00e9cialistes des VR et des roulottes | VR \u00c9volution\",\"isPartOf\":{\"@id\":\"https:\\\/\\\/www.vr-evolution.ca\\\/en\\\/#website\"},\"datePublished\":\"2016-03-28T13:21:12+00:00\",\"dateModified\":\"2022-04-04T18:50:35+00:00\",\"description\":\"Que ce soit pour l'achat, l'entretien ou la r\u00e9paration d'un VR, faites confiance \u00e0 notre \u00e9quipe de sp\u00e9cialistes d\u00e9di\u00e9s \u00e0 votre satisfaction.\",\"breadcrumb\":{\"@id\":\"https:\\\/\\\/www.vr-evolution.ca\\\/fr\\\/a-propos\\\/#breadcrumb\"},\"inLanguage\":\"fr-FR\",\"potentialAction\":[{\"@type\":\"ReadAction\",\"target\":[\"https:\\\/\\\/www.vr-evolution.ca\\\/fr\\\/a-propos\\\/\"]}]},{\"@type\":\"BreadcrumbList\",\"@id\":\"https:\\\/\\\/www.vr-evolution.ca\\\/fr\\\/a-propos\\\/#breadcrumb\",\"itemListElement\":[{\"@type\":\"ListItem\",\"position\":1,\"name\":\"Accueil\",\"item\":\"https:\\\/\\\/www.vr-evolution.ca\\\/fr\\\/\"},{\"@type\":\"ListItem\",\"position\":2,\"name\":\"\u00c0 propos\"}]},{\"@type\":\"WebSite\",\"@id\":\"https:\\\/\\\/www.vr-evolution.ca\\\/en\\\/#website\",\"url\":\"https:\\\/\\\/www.vr-evolution.ca\\\/en\\\/\",\"name\":\"VR \u00c9volution\",\"description\":\"Pour la passion du VR\",\"publisher\":{\"@id\":\"https:\\\/\\\/www.vr-evolution.ca\\\/en\\\/#organization\"},\"potentialAction\":[{\"@type\":\"SearchAction\",\"target\":{\"@type\":\"EntryPoint\",\"urlTemplate\":\"https:\\\/\\\/www.vr-evolution.ca\\\/en\\\/?s={search_term_string}\"},\"query-input\":{\"@type\":\"PropertyValueSpecification\",\"valueRequired\":true,\"valueName\":\"search_term_string\"}}],\"inLanguage\":\"fr-FR\"},{\"@type\":\"Organization\",\"@id\":\"https:\\\/\\\/www.vr-evolution.ca\\\/en\\\/#organization\",\"name\":\"VR \u00c9volution\",\"url\":\"https:\\\/\\\/www.vr-evolution.ca\\\/en\\\/\",\"logo\":{\"@type\":\"ImageObject\",\"inLanguage\":\"fr-FR\",\"@id\":\"https:\\\/\\\/www.vr-evolution.ca\\\/en\\\/#\\\/schema\\\/logo\\\/image\\\/\",\"url\":\"https:\\\/\\\/www.vr-evolution.ca\\\/wp-content\\\/uploads\\\/2024\\\/03\\\/cropped-VR-Evolution-Favicon.jpg\",\"contentUrl\":\"https:\\\/\\\/www.vr-evolution.ca\\\/wp-content\\\/uploads\\\/2024\\\/03\\\/cropped-VR-Evolution-Favicon.jpg\",\"width\":512,\"height\":512,\"caption\":\"VR \u00c9volution\"},\"image\":{\"@id\":\"https:\\\/\\\/www.vr-evolution.ca\\\/en\\\/#\\\/schema\\\/logo\\\/image\\\/\"},\"sameAs\":[\"https:\\\/\\\/www.facebook.com\\\/VREVOLUTION.ca\"]}]}<\/script>\n<!-- \/ Yoast SEO plugin. -->","yoast_head_json":{"title":"Les sp\u00e9cialistes des VR et des roulottes | VR \u00c9volution","description":"Que ce soit pour l'achat, l'entretien ou la r\u00e9paration d'un VR, faites confiance \u00e0 notre \u00e9quipe de sp\u00e9cialistes d\u00e9di\u00e9s \u00e0 votre satisfaction.","robots":{"index":"index","follow":"follow","max-snippet":"max-snippet:-1","max-image-preview":"max-image-preview:large","max-video-preview":"max-video-preview:-1"},"canonical":"https:\/\/www.vr-evolution.ca\/fr\/a-propos\/","og_locale":"fr_FR","og_type":"article","og_title":"Les sp\u00e9cialistes des VR et des roulottes | VR \u00c9volution","og_description":"Que ce soit pour l'achat, l'entretien ou la r\u00e9paration d'un VR, faites confiance \u00e0 notre \u00e9quipe de sp\u00e9cialistes d\u00e9di\u00e9s \u00e0 votre satisfaction.","og_url":"https:\/\/www.vr-evolution.ca\/fr\/a-propos\/","og_site_name":"VR &Eacute;volution","article_publisher":"https:\/\/www.facebook.com\/VREVOLUTION.ca","article_modified_time":"2022-04-04T18:50:35+00:00","og_image":[{"width":512,"height":512,"url":"https:\/\/www.vr-evolution.ca\/wp-content\/uploads\/2024\/03\/cropped-VR-Evolution-Favicon.jpg","type":"image\/jpeg"}],"twitter_card":"summary_large_image","twitter_misc":{"Dur\u00e9e de lecture estim\u00e9e":"3 minutes"},"schema":{"@context":"https:\/\/schema.org","@graph":[{"@type":"WebPage","@id":"https:\/\/www.vr-evolution.ca\/fr\/a-propos\/","url":"https:\/\/www.vr-evolution.ca\/fr\/a-propos\/","name":"Les sp\u00e9cialistes des VR et des roulottes | VR \u00c9volution","isPartOf":{"@id":"https:\/\/www.vr-evolution.ca\/en\/#website"},"datePublished":"2016-03-28T13:21:12+00:00","dateModified":"2022-04-04T18:50:35+00:00","description":"Que ce soit pour l'achat, l'entretien ou la r\u00e9paration d'un VR, faites confiance \u00e0 notre \u00e9quipe de sp\u00e9cialistes d\u00e9di\u00e9s \u00e0 votre satisfaction.","breadcrumb":{"@id":"https:\/\/www.vr-evolution.ca\/fr\/a-propos\/#breadcrumb"},"inLanguage":"fr-FR","potentialAction":[{"@type":"ReadAction","target":["https:\/\/www.vr-evolution.ca\/fr\/a-propos\/"]}]},{"@type":"BreadcrumbList","@id":"https:\/\/www.vr-evolution.ca\/fr\/a-propos\/#breadcrumb","itemListElement":[{"@type":"ListItem","position":1,"name":"Accueil","item":"https:\/\/www.vr-evolution.ca\/fr\/"},{"@type":"ListItem","position":2,"name":"\u00c0 propos"}]},{"@type":"WebSite","@id":"https:\/\/www.vr-evolution.ca\/en\/#website","url":"https:\/\/www.vr-evolution.ca\/en\/","name":"VR \u00c9volution","description":"Pour la passion du VR","publisher":{"@id":"https:\/\/www.vr-evolution.ca\/en\/#organization"},"potentialAction":[{"@type":"SearchAction","target":{"@type":"EntryPoint","urlTemplate":"https:\/\/www.vr-evolution.ca\/en\/?s={search_term_string}"},"query-input":{"@type":"PropertyValueSpecification","valueRequired":true,"valueName":"search_term_string"}}],"inLanguage":"fr-FR"},{"@type":"Organization","@id":"https:\/\/www.vr-evolution.ca\/en\/#organization","name":"VR \u00c9volution","url":"https:\/\/www.vr-evolution.ca\/en\/","logo":{"@type":"ImageObject","inLanguage":"fr-FR","@id":"https:\/\/www.vr-evolution.ca\/en\/#\/schema\/logo\/image\/","url":"https:\/\/www.vr-evolution.ca\/wp-content\/uploads\/2024\/03\/cropped-VR-Evolution-Favicon.jpg","contentUrl":"https:\/\/www.vr-evolution.ca\/wp-content\/uploads\/2024\/03\/cropped-VR-Evolution-Favicon.jpg","width":512,"height":512,"caption":"VR \u00c9volution"},"image":{"@id":"https:\/\/www.vr-evolution.ca\/en\/#\/schema\/logo\/image\/"},"sameAs":["https:\/\/www.facebook.com\/VREVOLUTION.ca"]}]}},"_links":{"self":[{"href":"https:\/\/www.vr-evolution.ca\/fr\/wp-json\/wp\/v2\/pages\/119","targetHints":{"allow":["GET"]}}],"collection":[{"href":"https:\/\/www.vr-evolution.ca\/fr\/wp-json\/wp\/v2\/pages"}],"about":[{"href":"https:\/\/www.vr-evolution.ca\/fr\/wp-json\/wp\/v2\/types\/page"}],"author":[{"embeddable":true,"href":"https:\/\/www.vr-evolution.ca\/fr\/wp-json\/wp\/v2\/users\/1"}],"replies":[{"embeddable":true,"href":"https:\/\/www.vr-evolution.ca\/fr\/wp-json\/wp\/v2\/comments?post=119"}],"version-history":[{"count":0,"href":"https:\/\/www.vr-evolution.ca\/fr\/wp-json\/wp\/v2\/pages\/119\/revisions"}],"wp:attachment":[{"href":"https:\/\/www.vr-evolution.ca\/fr\/wp-json\/wp\/v2\/media?parent=119"}],"curies":[{"name":"wp","href":"https:\/\/api.w.org\/{rel}","templated":true}]}}